{"id":7019,"date":"2025-10-03T10:52:13","date_gmt":"2025-10-03T07:52:13","guid":{"rendered":"https:\/\/fabrikhascreen.tr\/our-stakeholders\/"},"modified":"2026-02-23T12:17:13","modified_gmt":"2026-02-23T09:17:13","slug":"our-stakeholders","status":"publish","type":"page","link":"https:\/\/fabrikhascreen.tr\/en\/our-stakeholders\/","title":{"rendered":"Our Stakeholders"},"content":{"rendered":"\t\t<div data-elementor-type=\"wp-page\" data-elementor-id=\"7019\" class=\"elementor elementor-7019 elementor-6915\" data-elementor-post-type=\"page\">\n\t\t\t\t<div class=\"elementor-element elementor-element-748cf26 e-flex e-con-boxed e-con e-parent\" data-id=\"748cf26\" data-element_type=\"container\" data-e-type=\"container\">\n\t\t\t\t\t<div class=\"e-con-inner\">\n\t\t\t\t<div class=\"elementor-element elementor-element-179cb1b elementor-widget elementor-widget-spacer\" data-id=\"179cb1b\" data-element_type=\"widget\" data-e-type=\"widget\" data-widget_type=\"spacer.default\">\n\t\t\t\t<div class=\"elementor-widget-container\">\n\t\t\t\t\t\t\t<div class=\"elementor-spacer\">\n\t\t\t<div class=\"elementor-spacer-inner\"><\/div>\n\t\t<\/div>\n\t\t\t\t\t\t<\/div>\n\t\t\t\t<\/div>\n\t\t\t\t<div class=\"elementor-element elementor-element-33383e0 elementor-widget elementor-widget-heading\" data-id=\"33383e0\" data-element_type=\"widget\" data-e-type=\"widget\" data-widget_type=\"heading.default\">\n\t\t\t\t<div class=\"elementor-widget-container\">\n\t\t\t\t\t<h1 class=\"elementor-heading-title elementor-size-default\">Our Stakeholders<\/h1>\t\t\t\t<\/div>\n\t\t\t\t<\/div>\n\t\t\t\t\t<\/div>\n\t\t\t\t<\/div>\n\t\t<div class=\"elementor-element elementor-element-e492885 e-grid e-con-boxed e-con e-parent\" data-id=\"e492885\" data-element_type=\"container\" data-e-type=\"container\">\n\t\t\t\t\t<div class=\"e-con-inner\">\n\t\t<div class=\"elementor-element elementor-element-9945ab3 e-con-full e-flex e-con e-child\" data-id=\"9945ab3\" data-element_type=\"container\" data-e-type=\"container\">\n\t\t\t\t<div class=\"elementor-element elementor-element-4dbef62 elementor-widget elementor-widget-image\" data-id=\"4dbef62\" data-element_type=\"widget\" data-e-type=\"widget\" data-widget_type=\"image.default\">\n\t\t\t\t<div class=\"elementor-widget-container\">\n\t\t\t\t\t\t\t\t\t\t\t\t\t\t\t\t<a href=\"https:\/\/fabrikhascreen.tr\/en\/firma\/tribal-worldwide-istanbul\/\">\n\t\t\t\t\t\t\t<img fetchpriority=\"high\" decoding=\"async\" width=\"400\" height=\"400\" src=\"https:\/\/fabrikhascreen.tr\/wp-content\/uploads\/2025\/08\/tribal_worldwide.jpg\" class=\"attachment-large size-large wp-image-5048\" alt=\"\" \/>\t\t\t\t\t\t\t\t<\/a>\n\t\t\t\t\t\t\t\t\t\t\t\t\t\t\t<\/div>\n\t\t\t\t<\/div>\n\t\t\t\t<div class=\"elementor-element elementor-element-e2ac34b elementor-widget elementor-widget-heading\" data-id=\"e2ac34b\" data-element_type=\"widget\" data-e-type=\"widget\" data-widget_type=\"heading.default\">\n\t\t\t\t<div class=\"elementor-widget-container\">\n\t\t\t\t\t<h4 class=\"elementor-heading-title elementor-size-default\"><a href=\"https:\/\/fabrikhascreen.tr\/en\/firma\/tribal-worldwide-istanbul\/\">Tribal Worldwide \u0130stanbul<\/a><\/h4>\t\t\t\t<\/div>\n\t\t\t\t<\/div>\n\t\t\t\t<\/div>\n\t\t<div class=\"elementor-element elementor-element-efcd492 e-con-full e-flex e-con e-child\" data-id=\"efcd492\" data-element_type=\"container\" data-e-type=\"container\">\n\t\t\t\t<div class=\"elementor-element elementor-element-cdbb411 elementor-widget elementor-widget-image\" data-id=\"cdbb411\" data-element_type=\"widget\" data-e-type=\"widget\" data-widget_type=\"image.default\">\n\t\t\t\t<div class=\"elementor-widget-container\">\n\t\t\t\t\t\t\t\t\t\t\t\t\t\t\t\t<a href=\"https:\/\/fabrikhascreen.tr\/en\/firma\/mojo-fx\/\">\n\t\t\t\t\t\t\t<img decoding=\"async\" width=\"400\" height=\"400\" src=\"https:\/\/fabrikhascreen.tr\/wp-content\/uploads\/2025\/09\/mojo.jpg\" class=\"attachment-large size-large wp-image-6160\" alt=\"\" \/>\t\t\t\t\t\t\t\t<\/a>\n\t\t\t\t\t\t\t\t\t\t\t\t\t\t\t<\/div>\n\t\t\t\t<\/div>\n\t\t\t\t<div class=\"elementor-element elementor-element-a7592b1 elementor-widget elementor-widget-heading\" data-id=\"a7592b1\" data-element_type=\"widget\" data-e-type=\"widget\" data-widget_type=\"heading.default\">\n\t\t\t\t<div class=\"elementor-widget-container\">\n\t\t\t\t\t<h4 class=\"elementor-heading-title elementor-size-default\"><a href=\"https:\/\/fabrikhascreen.tr\/en\/firma\/mojo-fx\/\">MojoFX<\/a><\/h4>\t\t\t\t<\/div>\n\t\t\t\t<\/div>\n\t\t\t\t<\/div>\n\t\t<div class=\"elementor-element elementor-element-94b13bc e-con-full e-flex e-con e-child\" data-id=\"94b13bc\" data-element_type=\"container\" data-e-type=\"container\">\n\t\t\t\t<div class=\"elementor-element elementor-element-27f21db elementor-widget elementor-widget-image\" data-id=\"27f21db\" data-element_type=\"widget\" data-e-type=\"widget\" data-widget_type=\"image.default\">\n\t\t\t\t<div class=\"elementor-widget-container\">\n\t\t\t\t\t\t\t\t\t\t\t\t\t\t\t\t<a href=\"https:\/\/fabrikhascreen.tr\/en\/firma\/timsb-productions\/\">\n\t\t\t\t\t\t\t<img decoding=\"async\" width=\"800\" height=\"800\" src=\"https:\/\/fabrikhascreen.tr\/wp-content\/uploads\/2026\/01\/timsbi.jpg\" class=\"attachment-large size-large wp-image-7758\" alt=\"\" \/>\t\t\t\t\t\t\t\t<\/a>\n\t\t\t\t\t\t\t\t\t\t\t\t\t\t\t<\/div>\n\t\t\t\t<\/div>\n\t\t\t\t<div class=\"elementor-element elementor-element-d801520 elementor-widget elementor-widget-heading\" data-id=\"d801520\" data-element_type=\"widget\" data-e-type=\"widget\" data-widget_type=\"heading.default\">\n\t\t\t\t<div class=\"elementor-widget-container\">\n\t\t\t\t\t<h4 class=\"elementor-heading-title elementor-size-default\"><a href=\"https:\/\/fabrikhascreen.tr\/en\/firma\/timsb-productions\/\">T\u0130MSB\u0130<\/a><\/h4>\t\t\t\t<\/div>\n\t\t\t\t<\/div>\n\t\t\t\t<\/div>\n\t\t<div class=\"elementor-element elementor-element-06e0c0f e-con-full e-flex e-con e-child\" data-id=\"06e0c0f\" data-element_type=\"container\" data-e-type=\"container\">\n\t\t\t\t<div class=\"elementor-element elementor-element-ca1fcaa elementor-widget elementor-widget-image\" data-id=\"ca1fcaa\" data-element_type=\"widget\" data-e-type=\"widget\" data-widget_type=\"image.default\">\n\t\t\t\t<div class=\"elementor-widget-container\">\n\t\t\t\t\t\t\t\t\t\t\t\t\t\t\t<img loading=\"lazy\" decoding=\"async\" width=\"800\" height=\"800\" src=\"https:\/\/fabrikhascreen.tr\/wp-content\/uploads\/2025\/10\/belgesel_sinemacilar_birligi.jpg\" class=\"attachment-large size-large wp-image-7002\" alt=\"\" \/>\t\t\t\t\t\t\t\t\t\t\t\t\t\t\t<\/div>\n\t\t\t\t<\/div>\n\t\t\t\t<div class=\"elementor-element elementor-element-b247ef0 elementor-widget elementor-widget-heading\" data-id=\"b247ef0\" data-element_type=\"widget\" data-e-type=\"widget\" data-widget_type=\"heading.default\">\n\t\t\t\t<div class=\"elementor-widget-container\">\n\t\t\t\t\t<h4 class=\"elementor-heading-title elementor-size-default\"><a href=\"https:\/\/www.bsb.org.tr\/\">BSB Sinema Eseri Sahipleri Meslek Birli\u011fi<\/a><\/h4>\t\t\t\t<\/div>\n\t\t\t\t<\/div>\n\t\t\t\t<\/div>\n\t\t<div class=\"elementor-element elementor-element-03f61ac e-con-full e-flex e-con e-child\" data-id=\"03f61ac\" data-element_type=\"container\" data-e-type=\"container\">\n\t\t\t\t<div class=\"elementor-element elementor-element-844be9e elementor-widget elementor-widget-image\" data-id=\"844be9e\" data-element_type=\"widget\" data-e-type=\"widget\" data-widget_type=\"image.default\">\n\t\t\t\t<div class=\"elementor-widget-container\">\n\t\t\t\t\t\t\t\t\t\t\t\t\t\t\t\t<a href=\"https:\/\/fabrikhascreen.tr\/en\/firma\/recontact-games\/\">\n\t\t\t\t\t\t\t<img loading=\"lazy\" decoding=\"async\" width=\"400\" height=\"400\" src=\"https:\/\/fabrikhascreen.tr\/wp-content\/uploads\/2025\/09\/recontact_games.jpg\" class=\"attachment-large size-large wp-image-6312\" alt=\"\" \/>\t\t\t\t\t\t\t\t<\/a>\n\t\t\t\t\t\t\t\t\t\t\t\t\t\t\t<\/div>\n\t\t\t\t<\/div>\n\t\t\t\t<div class=\"elementor-element elementor-element-cdf8c1d elementor-widget elementor-widget-heading\" data-id=\"cdf8c1d\" data-element_type=\"widget\" data-e-type=\"widget\" data-widget_type=\"heading.default\">\n\t\t\t\t<div class=\"elementor-widget-container\">\n\t\t\t\t\t<h4 class=\"elementor-heading-title elementor-size-default\"><a href=\"https:\/\/fabrikhascreen.tr\/en\/firma\/recontact-games\/\">Recontact Games<\/a><\/h4>\t\t\t\t<\/div>\n\t\t\t\t<\/div>\n\t\t\t\t<\/div>\n\t\t<div class=\"elementor-element elementor-element-f601c66 e-con-full e-flex e-con e-child\" data-id=\"f601c66\" data-element_type=\"container\" data-e-type=\"container\">\n\t\t\t\t<div class=\"elementor-element elementor-element-c7f788f elementor-widget elementor-widget-image\" data-id=\"c7f788f\" data-element_type=\"widget\" data-e-type=\"widget\" data-widget_type=\"image.default\">\n\t\t\t\t<div class=\"elementor-widget-container\">\n\t\t\t\t\t\t\t\t\t\t\t\t\t\t\t\t<a href=\"https:\/\/fabrikhascreen.tr\/en\/firma\/pancake-studio\/\">\n\t\t\t\t\t\t\t<img loading=\"lazy\" decoding=\"async\" width=\"800\" height=\"800\" src=\"https:\/\/fabrikhascreen.tr\/wp-content\/uploads\/2025\/12\/pancake_studio.jpg\" class=\"attachment-large size-large wp-image-7294\" alt=\"\" \/>\t\t\t\t\t\t\t\t<\/a>\n\t\t\t\t\t\t\t\t\t\t\t\t\t\t\t<\/div>\n\t\t\t\t<\/div>\n\t\t\t\t<div class=\"elementor-element elementor-element-3c86c61 elementor-widget elementor-widget-heading\" data-id=\"3c86c61\" data-element_type=\"widget\" data-e-type=\"widget\" data-widget_type=\"heading.default\">\n\t\t\t\t<div class=\"elementor-widget-container\">\n\t\t\t\t\t<h4 class=\"elementor-heading-title elementor-size-default\"><a href=\"https:\/\/fabrikhascreen.tr\/en\/firma\/pancake-studio\/\">Pancake Studio<\/a><\/h4>\t\t\t\t<\/div>\n\t\t\t\t<\/div>\n\t\t\t\t<\/div>\n\t\t<div class=\"elementor-element elementor-element-2362309 e-con-full e-flex e-con e-child\" data-id=\"2362309\" data-element_type=\"container\" data-e-type=\"container\">\n\t\t\t\t<div class=\"elementor-element elementor-element-7592231 elementor-widget elementor-widget-image\" data-id=\"7592231\" data-element_type=\"widget\" data-e-type=\"widget\" data-widget_type=\"image.default\">\n\t\t\t\t<div class=\"elementor-widget-container\">\n\t\t\t\t\t\t\t\t\t\t\t\t\t\t\t\t<a href=\"https:\/\/www.studiomgx.com\/tr\/\">\n\t\t\t\t\t\t\t<img loading=\"lazy\" decoding=\"async\" width=\"800\" height=\"800\" src=\"https:\/\/fabrikhascreen.tr\/wp-content\/uploads\/2025\/12\/mgx_studio.jpg\" class=\"attachment-large size-large wp-image-7416\" alt=\"\" \/>\t\t\t\t\t\t\t\t<\/a>\n\t\t\t\t\t\t\t\t\t\t\t\t\t\t\t<\/div>\n\t\t\t\t<\/div>\n\t\t\t\t<div class=\"elementor-element elementor-element-02364aa elementor-widget elementor-widget-heading\" data-id=\"02364aa\" data-element_type=\"widget\" data-e-type=\"widget\" data-widget_type=\"heading.default\">\n\t\t\t\t<div class=\"elementor-widget-container\">\n\t\t\t\t\t<h4 class=\"elementor-heading-title elementor-size-default\"><a href=\"https:\/\/fabrikhascreen.tr\/en\/firma\/pancake-studio\/\">MGX Studio<\/a><\/h4>\t\t\t\t<\/div>\n\t\t\t\t<\/div>\n\t\t\t\t<\/div>\n\t\t\t\t\t<\/div>\n\t\t\t\t<\/div>\n\t\t\t\t<\/div>\n\t\t","protected":false},"excerpt":{"rendered":"<p>Our Stakeholders Tribal Worldwide \u0130stanbul MojoFX T\u0130MSB\u0130 BSB Sinema Eseri Sahipleri Meslek Birli\u011fi Recontact Games Pancake Studio MGX Studio<\/p>\n","protected":false},"author":1,"featured_media":0,"parent":0,"menu_order":0,"comment_status":"closed","ping_status":"closed","template":"","meta":{"_acf_changed":false,"footnotes":""},"class_list":["post-7019","page","type-page","status-publish","hentry"],"acf":[],"yoast_head":"<!-- This site is optimized with the Yoast SEO plugin v26.7 - https:\/\/yoast.com\/wordpress\/plugins\/seo\/ -->\n<title>Our Stakeholders - FabriKHAS<\/title>\n<meta name=\"robots\" content=\"index, follow, max-snippet:-1, max-image-preview:large, max-video-preview:-1\" \/>\n<link rel=\"canonical\" href=\"https:\/\/fabrikhascreen.tr\/en\/our-stakeholders\/\" \/>\n<meta property=\"og:locale\" content=\"en_US\" \/>\n<meta property=\"og:type\" content=\"article\" \/>\n<meta property=\"og:title\" content=\"Our Stakeholders - FabriKHAS\" \/>\n<meta property=\"og:description\" content=\"Our Stakeholders Tribal Worldwide \u0130stanbul MojoFX T\u0130MSB\u0130 BSB Sinema Eseri Sahipleri Meslek Birli\u011fi Recontact Games Pancake Studio MGX Studio\" \/>\n<meta property=\"og:url\" content=\"https:\/\/fabrikhascreen.tr\/en\/our-stakeholders\/\" \/>\n<meta property=\"og:site_name\" content=\"FabriKHAS\" \/>\n<meta property=\"article:publisher\" content=\"https:\/\/www.facebook.com\/FabriKHAS\" \/>\n<meta property=\"article:modified_time\" content=\"2026-02-23T09:17:13+00:00\" \/>\n<meta property=\"og:image\" content=\"https:\/\/fabrikhascreen.tr\/wp-content\/uploads\/2025\/08\/tribal_worldwide.jpg\" \/>\n<meta name=\"twitter:card\" content=\"summary_large_image\" \/>\n<meta name=\"twitter:site\" content=\"@FabriKHAS\" \/>\n<script type=\"application\/ld+json\" class=\"yoast-schema-graph\">{\"@context\":\"https:\/\/schema.org\",\"@graph\":[{\"@type\":\"WebPage\",\"@id\":\"https:\/\/fabrikhascreen.tr\/en\/our-stakeholders\/\",\"url\":\"https:\/\/fabrikhascreen.tr\/en\/our-stakeholders\/\",\"name\":\"Our Stakeholders - FabriKHAS\",\"isPartOf\":{\"@id\":\"https:\/\/fabrikhascreen.tr\/en\/#website\"},\"primaryImageOfPage\":{\"@id\":\"https:\/\/fabrikhascreen.tr\/en\/our-stakeholders\/#primaryimage\"},\"image\":{\"@id\":\"https:\/\/fabrikhascreen.tr\/en\/our-stakeholders\/#primaryimage\"},\"thumbnailUrl\":\"https:\/\/fabrikhascreen.tr\/wp-content\/uploads\/2025\/08\/tribal_worldwide.jpg\",\"datePublished\":\"2025-10-03T07:52:13+00:00\",\"dateModified\":\"2026-02-23T09:17:13+00:00\",\"breadcrumb\":{\"@id\":\"https:\/\/fabrikhascreen.tr\/en\/our-stakeholders\/#breadcrumb\"},\"inLanguage\":\"en-US\",\"potentialAction\":[{\"@type\":\"ReadAction\",\"target\":[\"https:\/\/fabrikhascreen.tr\/en\/our-stakeholders\/\"]}]},{\"@type\":\"ImageObject\",\"inLanguage\":\"en-US\",\"@id\":\"https:\/\/fabrikhascreen.tr\/en\/our-stakeholders\/#primaryimage\",\"url\":\"https:\/\/fabrikhascreen.tr\/wp-content\/uploads\/2025\/08\/tribal_worldwide.jpg\",\"contentUrl\":\"https:\/\/fabrikhascreen.tr\/wp-content\/uploads\/2025\/08\/tribal_worldwide.jpg\"},{\"@type\":\"BreadcrumbList\",\"@id\":\"https:\/\/fabrikhascreen.tr\/en\/our-stakeholders\/#breadcrumb\",\"itemListElement\":[{\"@type\":\"ListItem\",\"position\":1,\"name\":\"Home\",\"item\":\"https:\/\/fabrikhascreen.tr\/en\/\"},{\"@type\":\"ListItem\",\"position\":2,\"name\":\"Our Stakeholders\"}]},{\"@type\":\"WebSite\",\"@id\":\"https:\/\/fabrikhascreen.tr\/en\/#website\",\"url\":\"https:\/\/fabrikhascreen.tr\/en\/\",\"name\":\"FabriKHAScreen\",\"description\":\"Access to Finance and Project Development Support Program in Screen Industries\",\"publisher\":{\"@id\":\"https:\/\/fabrikhascreen.tr\/en\/#organization\"},\"potentialAction\":[{\"@type\":\"SearchAction\",\"target\":{\"@type\":\"EntryPoint\",\"urlTemplate\":\"https:\/\/fabrikhascreen.tr\/en\/?s={search_term_string}\"},\"query-input\":{\"@type\":\"PropertyValueSpecification\",\"valueRequired\":true,\"valueName\":\"search_term_string\"}}],\"inLanguage\":\"en-US\"},{\"@type\":\"Organization\",\"@id\":\"https:\/\/fabrikhascreen.tr\/en\/#organization\",\"name\":\"FabriKHAS\",\"url\":\"https:\/\/fabrikhascreen.tr\/en\/\",\"logo\":{\"@type\":\"ImageObject\",\"inLanguage\":\"en-US\",\"@id\":\"https:\/\/fabrikhascreen.tr\/en\/#\/schema\/logo\/image\/\",\"url\":\"https:\/\/fabrikhascreen.tr\/wp-content\/uploads\/2025\/02\/fabrikhas_logo.png\",\"contentUrl\":\"https:\/\/fabrikhascreen.tr\/wp-content\/uploads\/2025\/02\/fabrikhas_logo.png\",\"width\":352,\"height\":105,\"caption\":\"FabriKHAS\"},\"image\":{\"@id\":\"https:\/\/fabrikhascreen.tr\/en\/#\/schema\/logo\/image\/\"},\"sameAs\":[\"https:\/\/www.facebook.com\/FabriKHAS\",\"https:\/\/x.com\/FabriKHAS\"]}]}<\/script>\n<!-- \/ Yoast SEO plugin. -->","yoast_head_json":{"title":"Our Stakeholders - FabriKHAS","robots":{"index":"index","follow":"follow","max-snippet":"max-snippet:-1","max-image-preview":"max-image-preview:large","max-video-preview":"max-video-preview:-1"},"canonical":"https:\/\/fabrikhascreen.tr\/en\/our-stakeholders\/","og_locale":"en_US","og_type":"article","og_title":"Our Stakeholders - FabriKHAS","og_description":"Our Stakeholders Tribal Worldwide \u0130stanbul MojoFX T\u0130MSB\u0130 BSB Sinema Eseri Sahipleri Meslek Birli\u011fi Recontact Games Pancake Studio MGX Studio","og_url":"https:\/\/fabrikhascreen.tr\/en\/our-stakeholders\/","og_site_name":"FabriKHAS","article_publisher":"https:\/\/www.facebook.com\/FabriKHAS","article_modified_time":"2026-02-23T09:17:13+00:00","og_image":[{"url":"https:\/\/fabrikhascreen.tr\/wp-content\/uploads\/2025\/08\/tribal_worldwide.jpg","type":"","width":"","height":""}],"twitter_card":"summary_large_image","twitter_site":"@FabriKHAS","schema":{"@context":"https:\/\/schema.org","@graph":[{"@type":"WebPage","@id":"https:\/\/fabrikhascreen.tr\/en\/our-stakeholders\/","url":"https:\/\/fabrikhascreen.tr\/en\/our-stakeholders\/","name":"Our Stakeholders - FabriKHAS","isPartOf":{"@id":"https:\/\/fabrikhascreen.tr\/en\/#website"},"primaryImageOfPage":{"@id":"https:\/\/fabrikhascreen.tr\/en\/our-stakeholders\/#primaryimage"},"image":{"@id":"https:\/\/fabrikhascreen.tr\/en\/our-stakeholders\/#primaryimage"},"thumbnailUrl":"https:\/\/fabrikhascreen.tr\/wp-content\/uploads\/2025\/08\/tribal_worldwide.jpg","datePublished":"2025-10-03T07:52:13+00:00","dateModified":"2026-02-23T09:17:13+00:00","breadcrumb":{"@id":"https:\/\/fabrikhascreen.tr\/en\/our-stakeholders\/#breadcrumb"},"inLanguage":"en-US","potentialAction":[{"@type":"ReadAction","target":["https:\/\/fabrikhascreen.tr\/en\/our-stakeholders\/"]}]},{"@type":"ImageObject","inLanguage":"en-US","@id":"https:\/\/fabrikhascreen.tr\/en\/our-stakeholders\/#primaryimage","url":"https:\/\/fabrikhascreen.tr\/wp-content\/uploads\/2025\/08\/tribal_worldwide.jpg","contentUrl":"https:\/\/fabrikhascreen.tr\/wp-content\/uploads\/2025\/08\/tribal_worldwide.jpg"},{"@type":"BreadcrumbList","@id":"https:\/\/fabrikhascreen.tr\/en\/our-stakeholders\/#breadcrumb","itemListElement":[{"@type":"ListItem","position":1,"name":"Home","item":"https:\/\/fabrikhascreen.tr\/en\/"},{"@type":"ListItem","position":2,"name":"Our Stakeholders"}]},{"@type":"WebSite","@id":"https:\/\/fabrikhascreen.tr\/en\/#website","url":"https:\/\/fabrikhascreen.tr\/en\/","name":"FabriKHAScreen","description":"Access to Finance and Project Development Support Program in Screen Industries","publisher":{"@id":"https:\/\/fabrikhascreen.tr\/en\/#organization"},"potentialAction":[{"@type":"SearchAction","target":{"@type":"EntryPoint","urlTemplate":"https:\/\/fabrikhascreen.tr\/en\/?s={search_term_string}"},"query-input":{"@type":"PropertyValueSpecification","valueRequired":true,"valueName":"search_term_string"}}],"inLanguage":"en-US"},{"@type":"Organization","@id":"https:\/\/fabrikhascreen.tr\/en\/#organization","name":"FabriKHAS","url":"https:\/\/fabrikhascreen.tr\/en\/","logo":{"@type":"ImageObject","inLanguage":"en-US","@id":"https:\/\/fabrikhascreen.tr\/en\/#\/schema\/logo\/image\/","url":"https:\/\/fabrikhascreen.tr\/wp-content\/uploads\/2025\/02\/fabrikhas_logo.png","contentUrl":"https:\/\/fabrikhascreen.tr\/wp-content\/uploads\/2025\/02\/fabrikhas_logo.png","width":352,"height":105,"caption":"FabriKHAS"},"image":{"@id":"https:\/\/fabrikhascreen.tr\/en\/#\/schema\/logo\/image\/"},"sameAs":["https:\/\/www.facebook.com\/FabriKHAS","https:\/\/x.com\/FabriKHAS"]}]}},"_links":{"self":[{"href":"https:\/\/fabrikhascreen.tr\/en\/wp-json\/wp\/v2\/pages\/7019","targetHints":{"allow":["GET"]}}],"collection":[{"href":"https:\/\/fabrikhascreen.tr\/en\/wp-json\/wp\/v2\/pages"}],"about":[{"href":"https:\/\/fabrikhascreen.tr\/en\/wp-json\/wp\/v2\/types\/page"}],"author":[{"embeddable":true,"href":"https:\/\/fabrikhascreen.tr\/en\/wp-json\/wp\/v2\/users\/1"}],"replies":[{"embeddable":true,"href":"https:\/\/fabrikhascreen.tr\/en\/wp-json\/wp\/v2\/comments?post=7019"}],"version-history":[{"count":13,"href":"https:\/\/fabrikhascreen.tr\/en\/wp-json\/wp\/v2\/pages\/7019\/revisions"}],"predecessor-version":[{"id":8381,"href":"https:\/\/fabrikhascreen.tr\/en\/wp-json\/wp\/v2\/pages\/7019\/revisions\/8381"}],"wp:attachment":[{"href":"https:\/\/fabrikhascreen.tr\/en\/wp-json\/wp\/v2\/media?parent=7019"}],"curies":[{"name":"wp","href":"https:\/\/api.w.org\/{rel}","templated":true}]}}